{"id":85,"date":"2018-12-30T19:32:43","date_gmt":"2018-12-30T18:32:43","guid":{"rendered":"http:\/\/www.mohr4animals.at\/sites\/?page_id=85"},"modified":"2019-04-12T21:29:03","modified_gmt":"2019-04-12T19:29:03","slug":"made-by-moma","status":"publish","type":"page","link":"http:\/\/www.mohr4animals.at\/?page_id=85","title":{"rendered":"Made By Moma"},"content":{"rendered":"\n<h1>Made by Moma<\/h1>\n\n\n\n<p>Viele Unikate aus 100% Handarbeit warten darauf, bei mir im Salon bestaunt zu werden. Laufend kommen neue wundersch\u00f6ne Modelle dazu! Vom H\u00e4keltier \u00fcber ma\u00dfgefertigte Hundepullover oder Socken und Schals warten eine ganze Menge Einzelst\u00fccke made byMoma (Doris Felbinger) auf neue Besitzer. Nat\u00fcrlich wird auf Sonderw\u00fcnsche gerne R\u00fccksicht genommen.<\/p>\n\n\n\n<ul class=\"wp-block-gallery aligncenter columns-5 is-cropped\"><li class=\"blocks-gallery-item\"><figure><a href=\"http:\/\/www.mohr4animals.at\/sites\/wp-content\/uploads\/2018\/12\/42679465_625076034554882_8972128836724457472_n.jpg\"><img loading=\"lazy\" width=\"960\" height=\"720\" src=\"http:\/\/www.mohr4animals.at\/sites\/wp-content\/uploads\/2018\/12\/42679465_625076034554882_8972128836724457472_n.jpg\" alt=\"\" data-id=\"76\" data-link=\"http:\/\/www.mohr4animals.at\/sites\/?attachment_id=76\" class=\"wp-image-76\" srcset=\"http:\/\/www.mohr4animals.at\/sites\/wp-content\/uploads\/2018\/12\/42679465_625076034554882_8972128836724457472_n.jpg 960w, http:\/\/www.mohr4animals.at\/sites\/wp-content\/uploads\/2018\/12\/42679465_625076034554882_8972128836724457472_n-300x225.jpg 300w, http:\/\/www.mohr4animals.at\/sites\/wp-content\/uploads\/2018\/12\/42679465_625076034554882_8972128836724457472_n-768x576.jpg 768w\" sizes=\"(max-width: 960px) 100vw, 960px\" \/><\/a><\/figure><\/li><li class=\"blocks-gallery-item\"><figure><a href=\"http:\/\/www.mohr4animals.at\/sites\/wp-content\/uploads\/2018\/12\/42683428_625076057888213_6640019096018616320_n.jpg\"><img loading=\"lazy\" width=\"960\" height=\"720\" src=\"http:\/\/www.mohr4animals.at\/sites\/wp-content\/uploads\/2018\/12\/42683428_625076057888213_6640019096018616320_n.jpg\" alt=\"\" data-id=\"77\" data-link=\"http:\/\/www.mohr4animals.at\/sites\/?attachment_id=77\" class=\"wp-image-77\" srcset=\"http:\/\/www.mohr4animals.at\/sites\/wp-content\/uploads\/2018\/12\/42683428_625076057888213_6640019096018616320_n.jpg 960w, http:\/\/www.mohr4animals.at\/sites\/wp-content\/uploads\/2018\/12\/42683428_625076057888213_6640019096018616320_n-300x225.jpg 300w, http:\/\/www.mohr4animals.at\/sites\/wp-content\/uploads\/2018\/12\/42683428_625076057888213_6640019096018616320_n-768x576.jpg 768w\" sizes=\"(max-width: 960px) 100vw, 960px\" \/><\/a><\/figure><\/li><li class=\"blocks-gallery-item\"><figure><a href=\"http:\/\/www.mohr4animals.at\/sites\/wp-content\/uploads\/2018\/12\/42701927_625075974554888_4580572085629222912_n.jpg\"><img loading=\"lazy\" width=\"720\" height=\"960\" src=\"http:\/\/www.mohr4animals.at\/sites\/wp-content\/uploads\/2018\/12\/42701927_625075974554888_4580572085629222912_n.jpg\" alt=\"\" data-id=\"78\" data-link=\"http:\/\/www.mohr4animals.at\/sites\/?attachment_id=78\" class=\"wp-image-78\" srcset=\"http:\/\/www.mohr4animals.at\/sites\/wp-content\/uploads\/2018\/12\/42701927_625075974554888_4580572085629222912_n.jpg 720w, http:\/\/www.mohr4animals.at\/sites\/wp-content\/uploads\/2018\/12\/42701927_625075974554888_4580572085629222912_n-225x300.jpg 225w\" sizes=\"(max-width: 720px) 100vw, 720px\" \/><\/a><\/figure><\/li><li class=\"blocks-gallery-item\"><figure><a href=\"http:\/\/www.mohr4animals.at\/sites\/wp-content\/uploads\/2018\/12\/42723565_625076091221543_8206450465517338624_n.jpg\"><img loading=\"lazy\" width=\"960\" height=\"720\" src=\"http:\/\/www.mohr4animals.at\/sites\/wp-content\/uploads\/2018\/12\/42723565_625076091221543_8206450465517338624_n.jpg\" alt=\"\" data-id=\"79\" data-link=\"http:\/\/www.mohr4animals.at\/sites\/?attachment_id=79\" class=\"wp-image-79\" srcset=\"http:\/\/www.mohr4animals.at\/sites\/wp-content\/uploads\/2018\/12\/42723565_625076091221543_8206450465517338624_n.jpg 960w, http:\/\/www.mohr4animals.at\/sites\/wp-content\/uploads\/2018\/12\/42723565_625076091221543_8206450465517338624_n-300x225.jpg 300w, http:\/\/www.mohr4animals.at\/sites\/wp-content\/uploads\/2018\/12\/42723565_625076091221543_8206450465517338624_n-768x576.jpg 768w\" sizes=\"(max-width: 960px) 100vw, 960px\" \/><\/a><\/figure><\/li><li class=\"blocks-gallery-item\"><figure><a href=\"http:\/\/www.mohr4animals.at\/sites\/wp-content\/uploads\/2018\/12\/42785684_625076127888206_3964605790345494528_n.jpg\"><img loading=\"lazy\" width=\"960\" height=\"720\" src=\"http:\/\/www.mohr4animals.at\/sites\/wp-content\/uploads\/2018\/12\/42785684_625076127888206_3964605790345494528_n.jpg\" alt=\"\" data-id=\"80\" data-link=\"http:\/\/www.mohr4animals.at\/sites\/?attachment_id=80\" class=\"wp-image-80\" srcset=\"http:\/\/www.mohr4animals.at\/sites\/wp-content\/uploads\/2018\/12\/42785684_625076127888206_3964605790345494528_n.jpg 960w, http:\/\/www.mohr4animals.at\/sites\/wp-content\/uploads\/2018\/12\/42785684_625076127888206_3964605790345494528_n-300x225.jpg 300w, http:\/\/www.mohr4animals.at\/sites\/wp-content\/uploads\/2018\/12\/42785684_625076127888206_3964605790345494528_n-768x576.jpg 768w\" sizes=\"(max-width: 960px) 100vw, 960px\" \/><\/a><\/figure><\/li><li class=\"blocks-gallery-item\"><figure><a href=\"http:\/\/www.mohr4animals.at\/sites\/wp-content\/uploads\/2018\/12\/42851932_625076007888218_2957321322461396992_n.jpg\"><img loading=\"lazy\" width=\"960\" height=\"720\" src=\"http:\/\/www.mohr4animals.at\/sites\/wp-content\/uploads\/2018\/12\/42851932_625076007888218_2957321322461396992_n.jpg\" alt=\"\" data-id=\"81\" data-link=\"http:\/\/www.mohr4animals.at\/sites\/?attachment_id=81\" class=\"wp-image-81\" srcset=\"http:\/\/www.mohr4animals.at\/sites\/wp-content\/uploads\/2018\/12\/42851932_625076007888218_2957321322461396992_n.jpg 960w, http:\/\/www.mohr4animals.at\/sites\/wp-content\/uploads\/2018\/12\/42851932_625076007888218_2957321322461396992_n-300x225.jpg 300w, http:\/\/www.mohr4animals.at\/sites\/wp-content\/uploads\/2018\/12\/42851932_625076007888218_2957321322461396992_n-768x576.jpg 768w\" sizes=\"(max-width: 960px) 100vw, 960px\" \/><\/a><\/figure><\/li><li class=\"blocks-gallery-item\"><figure><a href=\"http:\/\/www.mohr4animals.at\/sites\/wp-content\/uploads\/2018\/12\/43007659_627214727674346_2385816185028476928_n.jpg\"><img loading=\"lazy\" width=\"720\" height=\"960\" src=\"http:\/\/www.mohr4animals.at\/sites\/wp-content\/uploads\/2018\/12\/43007659_627214727674346_2385816185028476928_n.jpg\" alt=\"\" data-id=\"89\" data-link=\"http:\/\/www.mohr4animals.at\/sites\/?attachment_id=89\" class=\"wp-image-89\" srcset=\"http:\/\/www.mohr4animals.at\/sites\/wp-content\/uploads\/2018\/12\/43007659_627214727674346_2385816185028476928_n.jpg 720w, http:\/\/www.mohr4animals.at\/sites\/wp-content\/uploads\/2018\/12\/43007659_627214727674346_2385816185028476928_n-225x300.jpg 225w\" sizes=\"(max-width: 720px) 100vw, 720px\" \/><\/a><\/figure><\/li><li class=\"blocks-gallery-item\"><figure><a href=\"http:\/\/www.mohr4animals.at\/sites\/wp-content\/uploads\/2018\/12\/43027175_627214601007692_8881819770572242944_n.jpg\"><img loading=\"lazy\" width=\"960\" height=\"720\" src=\"http:\/\/www.mohr4animals.at\/sites\/wp-content\/uploads\/2018\/12\/43027175_627214601007692_8881819770572242944_n.jpg\" alt=\"\" data-id=\"90\" data-link=\"http:\/\/www.mohr4animals.at\/sites\/?attachment_id=90\" class=\"wp-image-90\" srcset=\"http:\/\/www.mohr4animals.at\/sites\/wp-content\/uploads\/2018\/12\/43027175_627214601007692_8881819770572242944_n.jpg 960w, http:\/\/www.mohr4animals.at\/sites\/wp-content\/uploads\/2018\/12\/43027175_627214601007692_8881819770572242944_n-300x225.jpg 300w, http:\/\/www.mohr4animals.at\/sites\/wp-content\/uploads\/2018\/12\/43027175_627214601007692_8881819770572242944_n-768x576.jpg 768w\" sizes=\"(max-width: 960px) 100vw, 960px\" \/><\/a><\/figure><\/li><li class=\"blocks-gallery-item\"><figure><a href=\"http:\/\/www.mohr4animals.at\/sites\/wp-content\/uploads\/2018\/12\/43031867_627215001007652_1705794249275998208_n.jpg\"><img loading=\"lazy\" width=\"720\" height=\"960\" src=\"http:\/\/www.mohr4animals.at\/sites\/wp-content\/uploads\/2018\/12\/43031867_627215001007652_1705794249275998208_n.jpg\" alt=\"\" data-id=\"91\" data-link=\"http:\/\/www.mohr4animals.at\/sites\/?attachment_id=91\" class=\"wp-image-91\" srcset=\"http:\/\/www.mohr4animals.at\/sites\/wp-content\/uploads\/2018\/12\/43031867_627215001007652_1705794249275998208_n.jpg 720w, http:\/\/www.mohr4animals.at\/sites\/wp-content\/uploads\/2018\/12\/43031867_627215001007652_1705794249275998208_n-225x300.jpg 225w\" sizes=\"(max-width: 720px) 100vw, 720px\" \/><\/a><\/figure><\/li><li class=\"blocks-gallery-item\"><figure><a href=\"http:\/\/www.mohr4animals.at\/sites\/wp-content\/uploads\/2018\/12\/43040065_627214767674342_5098973805032767488_n.jpg\"><img loading=\"lazy\" width=\"720\" height=\"960\" src=\"http:\/\/www.mohr4animals.at\/sites\/wp-content\/uploads\/2018\/12\/43040065_627214767674342_5098973805032767488_n.jpg\" alt=\"\" data-id=\"92\" data-link=\"http:\/\/www.mohr4animals.at\/sites\/?attachment_id=92\" class=\"wp-image-92\" srcset=\"http:\/\/www.mohr4animals.at\/sites\/wp-content\/uploads\/2018\/12\/43040065_627214767674342_5098973805032767488_n.jpg 720w, http:\/\/www.mohr4animals.at\/sites\/wp-content\/uploads\/2018\/12\/43040065_627214767674342_5098973805032767488_n-225x300.jpg 225w\" sizes=\"(max-width: 720px) 100vw, 720px\" \/><\/a><\/figure><\/li><li class=\"blocks-gallery-item\"><figure><a href=\"http:\/\/www.mohr4animals.at\/sites\/wp-content\/uploads\/2018\/12\/43042307_627214691007683_5015653324981010432_n.jpg\"><img loading=\"lazy\" width=\"720\" height=\"960\" src=\"http:\/\/www.mohr4animals.at\/sites\/wp-content\/uploads\/2018\/12\/43042307_627214691007683_5015653324981010432_n.jpg\" alt=\"\" data-id=\"93\" data-link=\"http:\/\/www.mohr4animals.at\/sites\/?attachment_id=93\" class=\"wp-image-93\" srcset=\"http:\/\/www.mohr4animals.at\/sites\/wp-content\/uploads\/2018\/12\/43042307_627214691007683_5015653324981010432_n.jpg 720w, http:\/\/www.mohr4animals.at\/sites\/wp-content\/uploads\/2018\/12\/43042307_627214691007683_5015653324981010432_n-225x300.jpg 225w\" sizes=\"(max-width: 720px) 100vw, 720px\" \/><\/a><\/figure><\/li><li class=\"blocks-gallery-item\"><figure><a href=\"http:\/\/www.mohr4animals.at\/sites\/wp-content\/uploads\/2018\/12\/43063168_627214641007688_2513124607729336320_n.jpg\"><img loading=\"lazy\" width=\"720\" height=\"960\" src=\"http:\/\/www.mohr4animals.at\/sites\/wp-content\/uploads\/2018\/12\/43063168_627214641007688_2513124607729336320_n.jpg\" alt=\"\" data-id=\"96\" data-link=\"http:\/\/www.mohr4animals.at\/sites\/?attachment_id=96\" class=\"wp-image-96\" srcset=\"http:\/\/www.mohr4animals.at\/sites\/wp-content\/uploads\/2018\/12\/43063168_627214641007688_2513124607729336320_n.jpg 720w, http:\/\/www.mohr4animals.at\/sites\/wp-content\/uploads\/2018\/12\/43063168_627214641007688_2513124607729336320_n-225x300.jpg 225w\" sizes=\"(max-width: 720px) 100vw, 720px\" \/><\/a><\/figure><\/li><li class=\"blocks-gallery-item\"><figure><a href=\"http:\/\/www.mohr4animals.at\/sites\/wp-content\/uploads\/2018\/12\/43120738_627214881007664_4058499363188506624_n.jpg\"><img loading=\"lazy\" width=\"960\" height=\"720\" src=\"http:\/\/www.mohr4animals.at\/sites\/wp-content\/uploads\/2018\/12\/43120738_627214881007664_4058499363188506624_n.jpg\" alt=\"\" data-id=\"99\" data-link=\"http:\/\/www.mohr4animals.at\/sites\/?attachment_id=99\" class=\"wp-image-99\" srcset=\"http:\/\/www.mohr4animals.at\/sites\/wp-content\/uploads\/2018\/12\/43120738_627214881007664_4058499363188506624_n.jpg 960w, http:\/\/www.mohr4animals.at\/sites\/wp-content\/uploads\/2018\/12\/43120738_627214881007664_4058499363188506624_n-300x225.jpg 300w, http:\/\/www.mohr4animals.at\/sites\/wp-content\/uploads\/2018\/12\/43120738_627214881007664_4058499363188506624_n-768x576.jpg 768w\" sizes=\"(max-width: 960px) 100vw, 960px\" \/><\/a><\/figure><\/li><li class=\"blocks-gallery-item\"><figure><a href=\"http:\/\/www.mohr4animals.at\/sites\/wp-content\/uploads\/2018\/12\/43156442_627214574341028_1262760053341945856_n.jpg\"><img loading=\"lazy\" width=\"720\" height=\"960\" src=\"http:\/\/www.mohr4animals.at\/sites\/wp-content\/uploads\/2018\/12\/43156442_627214574341028_1262760053341945856_n.jpg\" alt=\"\" data-id=\"101\" data-link=\"http:\/\/www.mohr4animals.at\/sites\/?attachment_id=101\" class=\"wp-image-101\" srcset=\"http:\/\/www.mohr4animals.at\/sites\/wp-content\/uploads\/2018\/12\/43156442_627214574341028_1262760053341945856_n.jpg 720w, http:\/\/www.mohr4animals.at\/sites\/wp-content\/uploads\/2018\/12\/43156442_627214574341028_1262760053341945856_n-225x300.jpg 225w\" sizes=\"(max-width: 720px) 100vw, 720px\" \/><\/a><\/figure><\/li><\/ul>\n","protected":false},"excerpt":{"rendered":"<p>Made by Moma Viele Unikate aus 100% Handarbeit warten darauf, bei mir im Salon bestaunt zu werden. Laufend kommen neue wundersch\u00f6ne Modelle dazu! Vom H\u00e4keltier \u00fcber ma\u00dfgefertigte Hundepullover oder Socken und Schals warten eine ganze Menge Einzelst\u00fccke made byMoma (Doris Felbinger) auf neue Besitzer. Nat\u00fcrlich wird auf Sonderw\u00fcnsche gerne R\u00fccksicht genommen.<\/p>\n","protected":false},"author":1,"featured_media":0,"parent":0,"menu_order":0,"comment_status":"closed","ping_status":"closed","template":"","meta":{"sfsi_plus_gutenberg_text_before_share":"","sfsi_plus_gutenberg_show_text_before_share":"","sfsi_plus_gutenberg_icon_type":"","sfsi_plus_gutenberg_icon_alignemt":"","sfsi_plus_gutenburg_max_per_row":""},"_links":{"self":[{"href":"http:\/\/www.mohr4animals.at\/index.php?rest_route=\/wp\/v2\/pages\/85"}],"collection":[{"href":"http:\/\/www.mohr4animals.at\/index.php?rest_route=\/wp\/v2\/pages"}],"about":[{"href":"http:\/\/www.mohr4animals.at\/index.php?rest_route=\/wp\/v2\/types\/page"}],"author":[{"embeddable":true,"href":"http:\/\/www.mohr4animals.at\/index.php?rest_route=\/wp\/v2\/users\/1"}],"replies":[{"embeddable":true,"href":"http:\/\/www.mohr4animals.at\/index.php?rest_route=%2Fwp%2Fv2%2Fcomments&post=85"}],"version-history":[{"count":6,"href":"http:\/\/www.mohr4animals.at\/index.php?rest_route=\/wp\/v2\/pages\/85\/revisions"}],"predecessor-version":[{"id":708,"href":"http:\/\/www.mohr4animals.at\/index.php?rest_route=\/wp\/v2\/pages\/85\/revisions\/708"}],"wp:attachment":[{"href":"http:\/\/www.mohr4animals.at\/index.php?rest_route=%2Fwp%2Fv2%2Fmedia&parent=85"}],"curies":[{"name":"wp","href":"https:\/\/api.w.org\/{rel}","templated":true}]}}