{"id":25,"date":"2018-12-30T18:44:03","date_gmt":"2018-12-30T17:44:03","guid":{"rendered":"http:\/\/www.mohr4animals.at\/sites\/?page_id=25"},"modified":"2019-04-12T21:21:33","modified_gmt":"2019-04-12T19:21:33","slug":"hundeausbildung-problemloesungen","status":"publish","type":"page","link":"http:\/\/www.mohr4animals.at\/?page_id=25","title":{"rendered":"Hundeausbildung und Probleml\u00f6sungen"},"content":{"rendered":"\n<h1>bei Problemhunden..<\/h1>\n\n\n\n<p class=\"has-medium-font-size\">Manchmal ist der Fris\u00f6rbesuch f\u00fcr Hunde ein Drama. Oft wurden schon unangenehme Erfahrungen, wie etwa bei der Krallenpflege, gemacht. Bei vielen langhaarigen Hunden k\u00e4mpfen die Besitzer mit l\u00e4stigen Verfilzungen. Auch hier kann ich sehr einf\u00fchlsam und mit gen\u00fcgend Zeit helfen. Gerne k\u00f6nnen Sie mich kontaktieren, um Ihren Hund langsam und stressfrei an Besuche im Hundesalon zu gew\u00f6hnen.<\/p>\n\n\n\n<p><\/p>\n\n\n\n<p class=\"has-medium-font-size\"><\/p>\n\n\n\n<h1>Hundeausbildung<\/h1>\n\n\n\n<p class=\"has-medium-font-size\">Als gepr\u00fcfte Hundetrainerin bin ich gerne bei der Ausbildung Ihres Vierbeiners behilflich oder biete Unterst\u00fctzung bei Problemen im Alltag. Z\u00f6gern Sie nicht mich auch danach zu fragen! <\/p>\n\n\n\n<p class=\"has-medium-font-size\"><\/p>\n","protected":false},"excerpt":{"rendered":"<p>bei Problemhunden.. Manchmal ist der Fris\u00f6rbesuch f\u00fcr Hunde ein Drama. Oft wurden schon unangenehme Erfahrungen, wie etwa bei der Krallenpflege, gemacht. Bei vielen langhaarigen Hunden k\u00e4mpfen die Besitzer mit l\u00e4stigen Verfilzungen. Auch hier kann ich sehr einf\u00fchlsam und mit gen\u00fcgend Zeit helfen. Gerne k\u00f6nnen Sie mich kontaktieren, um Ihren Hund langsam und stressfrei an Besuche&hellip; <br \/> <a class=\"read-more\" href=\"http:\/\/www.mohr4animals.at\/?page_id=25\">Weiterlesen<\/a><\/p>\n","protected":false},"author":1,"featured_media":0,"parent":0,"menu_order":0,"comment_status":"closed","ping_status":"closed","template":"","meta":{"sfsi_plus_gutenberg_text_before_share":"","sfsi_plus_gutenberg_show_text_before_share":"","sfsi_plus_gutenberg_icon_type":"","sfsi_plus_gutenberg_icon_alignemt":"","sfsi_plus_gutenburg_max_per_row":""},"_links":{"self":[{"href":"http:\/\/www.mohr4animals.at\/index.php?rest_route=\/wp\/v2\/pages\/25"}],"collection":[{"href":"http:\/\/www.mohr4animals.at\/index.php?rest_route=\/wp\/v2\/pages"}],"about":[{"href":"http:\/\/www.mohr4animals.at\/index.php?rest_route=\/wp\/v2\/types\/page"}],"author":[{"embeddable":true,"href":"http:\/\/www.mohr4animals.at\/index.php?rest_route=\/wp\/v2\/users\/1"}],"replies":[{"embeddable":true,"href":"http:\/\/www.mohr4animals.at\/index.php?rest_route=%2Fwp%2Fv2%2Fcomments&post=25"}],"version-history":[{"count":8,"href":"http:\/\/www.mohr4animals.at\/index.php?rest_route=\/wp\/v2\/pages\/25\/revisions"}],"predecessor-version":[{"id":705,"href":"http:\/\/www.mohr4animals.at\/index.php?rest_route=\/wp\/v2\/pages\/25\/revisions\/705"}],"wp:attachment":[{"href":"http:\/\/www.mohr4animals.at\/index.php?rest_route=%2Fwp%2Fv2%2Fmedia&parent=25"}],"curies":[{"name":"wp","href":"https:\/\/api.w.org\/{rel}","templated":true}]}}