{"id":21,"date":"2018-12-30T18:41:15","date_gmt":"2018-12-30T17:41:15","guid":{"rendered":"http:\/\/www.mohr4animals.at\/sites\/?page_id=21"},"modified":"2019-04-25T20:24:09","modified_gmt":"2019-04-25T18:24:09","slug":"katzenservice-kleintierservice","status":"publish","type":"page","link":"http:\/\/www.mohr4animals.at\/?page_id=21","title":{"rendered":"Katzenservice, Kleintierservice"},"content":{"rendered":"\n<h1>gerne Pflege ich auch Katzen und Kleintiere <\/h1>\n\n\n\n<p class=\"has-medium-font-size\">Nicht nur Hunde ben\u00f6tigen Pflege, sondern auch Katzen und Kleintiere. Nat\u00fcrlich sind auch sie gern gesehene G\u00e4ste in meinem Salon.<\/p>\n","protected":false},"excerpt":{"rendered":"<p>gerne Pflege ich auch Katzen und Kleintiere Nicht nur Hunde ben\u00f6tigen Pflege, sondern auch Katzen und Kleintiere. Nat\u00fcrlich sind auch sie gern gesehene G\u00e4ste in meinem Salon.<\/p>\n","protected":false},"author":1,"featured_media":0,"parent":10,"menu_order":0,"comment_status":"closed","ping_status":"closed","template":"","meta":{"sfsi_plus_gutenberg_text_before_share":"","sfsi_plus_gutenberg_show_text_before_share":"","sfsi_plus_gutenberg_icon_type":"","sfsi_plus_gutenberg_icon_alignemt":"","sfsi_plus_gutenburg_max_per_row":""},"_links":{"self":[{"href":"http:\/\/www.mohr4animals.at\/index.php?rest_route=\/wp\/v2\/pages\/21"}],"collection":[{"href":"http:\/\/www.mohr4animals.at\/index.php?rest_route=\/wp\/v2\/pages"}],"about":[{"href":"http:\/\/www.mohr4animals.at\/index.php?rest_route=\/wp\/v2\/types\/page"}],"author":[{"embeddable":true,"href":"http:\/\/www.mohr4animals.at\/index.php?rest_route=\/wp\/v2\/users\/1"}],"replies":[{"embeddable":true,"href":"http:\/\/www.mohr4animals.at\/index.php?rest_route=%2Fwp%2Fv2%2Fcomments&post=21"}],"version-history":[{"count":5,"href":"http:\/\/www.mohr4animals.at\/index.php?rest_route=\/wp\/v2\/pages\/21\/revisions"}],"predecessor-version":[{"id":784,"href":"http:\/\/www.mohr4animals.at\/index.php?rest_route=\/wp\/v2\/pages\/21\/revisions\/784"}],"up":[{"embeddable":true,"href":"http:\/\/www.mohr4animals.at\/index.php?rest_route=\/wp\/v2\/pages\/10"}],"wp:attachment":[{"href":"http:\/\/www.mohr4animals.at\/index.php?rest_route=%2Fwp%2Fv2%2Fmedia&parent=21"}],"curies":[{"name":"wp","href":"https:\/\/api.w.org\/{rel}","templated":true}]}}