{"id":12,"date":"2018-12-30T18:38:01","date_gmt":"2018-12-30T17:38:01","guid":{"rendered":"http:\/\/www.mohr4animals.at\/sites\/?page_id=12"},"modified":"2019-04-25T20:17:23","modified_gmt":"2019-04-25T18:17:23","slug":"komplettpflege","status":"publish","type":"page","link":"http:\/\/www.mohr4animals.at\/?page_id=12","title":{"rendered":"Komplettpflege"},"content":{"rendered":"\n<h1>All-in-One-Paket<\/h1>\n\n\n\n<p class=\"has-medium-font-size\">Die Komplettpflege beinhaltet das Schneiden, Scheren oder Trimmen, Baden, B\u00fcrsten, F\u00f6hnen, Ohren-, Augen- und Krallenpflege.<\/p>\n\n\n\n<p><\/p>\n\n\n\n<p><\/p>\n\n\n\n<p><\/p>\n\n\n\n<h3>Schneiden oder Trimmen<\/h3>\n\n\n\n<p class=\"has-medium-font-size\">Bei Lang- und Rauhaarrassen ist ein regelm\u00e4\u00dfiger Fris\u00f6rbesuch notwendig und wichtig. Es gibt verschiedene Methoden das Haarkleid des Hundes zu pflegen. <\/p>\n\n\n\n<p>Wenn man von Scheren spricht, wird das Haarkleid mit einem Schneideger\u00e4t gek\u00fcrzt. Langhaarrassen mit sehr weichem Fell werden zumeist mit der Schere faconiert. <\/p>\n\n\n\n<p>Rauhaarrassen werden getrimmt, sprich das tote, nicht mehr durch die Haarwurzel versorgte Haar, wird gezupft. <\/p>\n\n\n\n<p>Generell wird au\u00dferdem die Unterwolle ausgek\u00e4mmt um Verfilzungen zu vermeiden. Auch kurzhaarige Hunde profitieren dadurch, da die Haut wieder besser bel\u00fcftet wird und das Fell wieder gut sch\u00fctzt und isolieren kann. <\/p>\n\n\n\n<p><\/p>\n\n\n\n<p><\/p>\n\n\n\n<p><\/p>\n\n\n\n<p><\/p>\n\n\n\n<p><\/p>\n\n\n\n<h3>Krallen- und Pfotenpflege<\/h3>\n\n\n\n<p class=\"has-medium-font-size\">Beim Hund ist die &#8222;Pedik\u00fcre&#8220; keine Sch\u00f6nheitsfrage, sondern sehr wichtig f\u00fcr die Gesundheit und das Wohlbefinden. Wenn die Krallen nicht regelm\u00e4\u00dfig, fachgerecht geschnitten werden, kann dies zu Problemen beim Laufen f\u00fchren. Der Hund lahmt und nimmt, aufgrund der Schmerzen, eine Fehlhaltung ein.  Deswegen sehe ich mir bei jedem Besuch die Krallen meiner G\u00e4ste an.<\/p>\n\n\n\n<p><\/p>\n\n\n\n<p><\/p>\n\n\n\n<p><\/p>\n\n\n\n<p><\/p>\n\n\n\n<p><\/p>\n\n\n\n<h3>Baden<\/h3>\n\n\n\n<p class=\"has-medium-font-size\">Nicht immer ist ein Bad beim Salonbesuch zwingend n\u00f6tig. Mit meinen milden Shampoos sind aber auch regelm\u00e4\u00dfige B\u00e4der f\u00fcr die Hunde kein Problem. Im Gegenteil, mit dem entsprechenden Shampoo und Conditioner k\u00f6nnen Haut und Fell optimal versorgt und gepflegt werden.<\/p>\n\n\n\n<p><\/p>\n\n\n\n<p><\/p>\n\n\n\n<p><\/p>\n\n\n\n<p><\/p>\n\n\n\n<p><\/p>\n\n\n\n<h3>Augen- und Ohrenpflege<\/h3>\n\n\n\n<p class=\"has-medium-font-size\">Kratzt sich Ihr Hund st\u00e4ndig am Ohr, h\u00e4lt er den Kopf schief oder sch\u00fcttelt er sich wie wild, dann kann eine Erkrankung des H\u00f6rorgans vorliegen. Auch wenn sich das Tier verzweifelt mit den Pfoten \u00fcber die Augen streicht und st\u00e4ndig blinzelt, sollten die Alarmglocken schrillen.  Ohren- und Augenentz\u00fcndungen treten h\u00e4ufig bei Hunden auf, wobei einige Rassen eher davon betroffen sind als andere. Ohrenentz\u00fcndungen etwa treten meist bei Vierbeinern mit Schlappohren auf. Im Gegensatz zu Stehohren kommt wenig Luft an die Ohrmuschel und Erreger haben im feucht-warmen Milieu leichteres Spiel. Die beste Vorbeugung f\u00fcr Erkrankungen an Ohren und Augen ist eine sorgf\u00e4ltige Pflege. Deswegen werfe ich immer gerne einen Blick auf die Ohren und Augen meiner Kunden!<\/p>\n\n\n\n<p><\/p>\n\n\n\n<p><\/p>\n\n\n\n<p><\/p>\n\n\n\n<p><\/p>\n\n\n\n<p><\/p>\n\n\n\n<figure class=\"wp-block-pullquote is-style-default\" style=\"border-color:#abb8c3\"><blockquote class=\"has-text-color has-very-dark-gray-color\"><p>Vorsorge statt Nachsorge<\/p><cite>wenn sie fragen haben, schauen sie sich nicht, mich zu kontaktieren. ich werde ihnen und ihrem vierbeiner mit rat und tat zur seite stehen<\/cite><\/blockquote><\/figure>\n","protected":false},"excerpt":{"rendered":"<p>All-in-One-Paket Die Komplettpflege beinhaltet das Schneiden, Scheren oder Trimmen, Baden, B\u00fcrsten, F\u00f6hnen, Ohren-, Augen- und Krallenpflege. Schneiden oder Trimmen Bei Lang- und Rauhaarrassen ist ein regelm\u00e4\u00dfiger Fris\u00f6rbesuch notwendig und wichtig. Es gibt verschiedene Methoden das Haarkleid des Hundes zu pflegen. Wenn man von Scheren spricht, wird das Haarkleid mit einem Schneideger\u00e4t gek\u00fcrzt. Langhaarrassen mit sehr&hellip; <br \/> <a class=\"read-more\" href=\"http:\/\/www.mohr4animals.at\/?page_id=12\">Weiterlesen<\/a><\/p>\n","protected":false},"author":1,"featured_media":0,"parent":10,"menu_order":0,"comment_status":"closed","ping_status":"closed","template":"","meta":{"sfsi_plus_gutenberg_text_before_share":"","sfsi_plus_gutenberg_show_text_before_share":"","sfsi_plus_gutenberg_icon_type":"","sfsi_plus_gutenberg_icon_alignemt":"","sfsi_plus_gutenburg_max_per_row":""},"_links":{"self":[{"href":"http:\/\/www.mohr4animals.at\/index.php?rest_route=\/wp\/v2\/pages\/12"}],"collection":[{"href":"http:\/\/www.mohr4animals.at\/index.php?rest_route=\/wp\/v2\/pages"}],"about":[{"href":"http:\/\/www.mohr4animals.at\/index.php?rest_route=\/wp\/v2\/types\/page"}],"author":[{"embeddable":true,"href":"http:\/\/www.mohr4animals.at\/index.php?rest_route=\/wp\/v2\/users\/1"}],"replies":[{"embeddable":true,"href":"http:\/\/www.mohr4animals.at\/index.php?rest_route=%2Fwp%2Fv2%2Fcomments&post=12"}],"version-history":[{"count":18,"href":"http:\/\/www.mohr4animals.at\/index.php?rest_route=\/wp\/v2\/pages\/12\/revisions"}],"predecessor-version":[{"id":781,"href":"http:\/\/www.mohr4animals.at\/index.php?rest_route=\/wp\/v2\/pages\/12\/revisions\/781"}],"up":[{"embeddable":true,"href":"http:\/\/www.mohr4animals.at\/index.php?rest_route=\/wp\/v2\/pages\/10"}],"wp:attachment":[{"href":"http:\/\/www.mohr4animals.at\/index.php?rest_route=%2Fwp%2Fv2%2Fmedia&parent=12"}],"curies":[{"name":"wp","href":"https:\/\/api.w.org\/{rel}","templated":true}]}}